{"id":37,"date":"2024-04-25T20:21:51","date_gmt":"2024-04-25T20:21:51","guid":{"rendered":"https:\/\/webtend.site\/wp\/noxfolio\/?page_id=37"},"modified":"2025-05-15T08:28:55","modified_gmt":"2025-05-15T08:28:55","slug":"realisations","status":"publish","type":"page","link":"https:\/\/hassan-ndam.com\/en\/realisations\/","title":{"rendered":"Projects"},"content":{"rendered":"<div data-elementor-type=\"wp-page\" data-elementor-id=\"37\" class=\"elementor elementor-37\">\n\t\t\t\t<div class=\"elementor-element elementor-element-e92cf9c e-flex e-con-boxed e-con e-parent\" data-id=\"e92cf9c\" data-element_type=\"container\" data-e-type=\"container\">\n\t\t\t\t\t<div class=\"e-con-inner\">\n\t\t<div class=\"elementor-element elementor-element-b647ac6 e-con-full e-flex e-con e-child\" data-id=\"b647ac6\" data-element_type=\"container\" data-e-type=\"container\">\n\t\t\t\t<div class=\"elementor-element elementor-element-b6f9b61 elementor-invisible elementor-widget elementor-widget-noxfolio-portfolio\" data-id=\"b6f9b61\" data-element_type=\"widget\" data-e-type=\"widget\" data-settings=\"{&quot;_animation&quot;:&quot;fadeInUp&quot;}\" data-widget_type=\"noxfolio-portfolio.default\">\n\t\t\t\t<div class=\"elementor-widget-container\">\n\t\t\t\t\t        <div class=\"noxfolio-portfolio-items design-one\">\r\n\t\t\t        <div class=\"portfolio-item\">\r\n\t\t\t<div class=\"thumbnail\">\r\n\t\t\t\t<img fetchpriority=\"high\" decoding=\"async\" width=\"630\" height=\"500\" src=\"https:\/\/hassan-ndam.com\/wp-content\/uploads\/2025\/05\/CZScreen.png\" class=\"attachment-full size-full wp-post-image\" alt=\"\" srcset=\"https:\/\/hassan-ndam.com\/wp-content\/uploads\/2025\/05\/CZScreen.png 630w, https:\/\/hassan-ndam.com\/wp-content\/uploads\/2025\/05\/CZScreen-300x238.png 300w, https:\/\/hassan-ndam.com\/wp-content\/uploads\/2025\/05\/CZScreen-15x12.png 15w\" sizes=\"(max-width: 630px) 100vw, 630px\" \/><a href=\"https:\/\/hassan-ndam.com\/en\/portfolio\/czscreen-france-by-pacamat-sarl\/\" class=\"arrow-link\"><i class=\"far fa-arrow-right\"><\/i><\/a>\t\t\t<\/div>\r\n\t\t\t<div class=\"content\">\r\n\t\t\t\t<div class=\"categories\"><a href=\"https:\/\/hassan-ndam.com\/en\/portfolio-category\/design-web\/\" rel=\"tag\">Web Design<\/a><span>,<\/span><a href=\"https:\/\/hassan-ndam.com\/en\/portfolio-category\/gestion-de-projet\/\" rel=\"tag\">Project management<\/a><span>,<\/span><a href=\"https:\/\/hassan-ndam.com\/en\/portfolio-category\/site-web\/\" rel=\"tag\">Website<\/a><\/div><h4 class=\"title\"><a href=\"https:\/\/hassan-ndam.com\/en\/portfolio\/czscreen-france-by-pacamat-sarl\/\">CZSCREEN France by Pacamat SARL<\/a><\/h4>\t\t\t<\/div>\r\n        <\/div>\r\n                <div class=\"portfolio-item\">\r\n\t\t\t<div class=\"thumbnail\">\r\n\t\t\t\t<img decoding=\"async\" width=\"630\" height=\"500\" src=\"https:\/\/hassan-ndam.com\/wp-content\/uploads\/2025\/05\/Mobile-Application-Still-Cloud.png\" class=\"attachment-full size-full wp-post-image\" alt=\"\" srcset=\"https:\/\/hassan-ndam.com\/wp-content\/uploads\/2025\/05\/Mobile-Application-Still-Cloud.png 630w, https:\/\/hassan-ndam.com\/wp-content\/uploads\/2025\/05\/Mobile-Application-Still-Cloud-300x238.png 300w, https:\/\/hassan-ndam.com\/wp-content\/uploads\/2025\/05\/Mobile-Application-Still-Cloud-15x12.png 15w\" sizes=\"(max-width: 630px) 100vw, 630px\" \/><a href=\"https:\/\/hassan-ndam.com\/en\/portfolio\/mobile-application-still-cloud\/\" class=\"arrow-link\"><i class=\"far fa-arrow-right\"><\/i><\/a>\t\t\t<\/div>\r\n\t\t\t<div class=\"content\">\r\n\t\t\t\t<div class=\"categories\"><a href=\"https:\/\/hassan-ndam.com\/en\/portfolio-category\/application-web\/\" rel=\"tag\">Web application<\/a><span>,<\/span><a href=\"https:\/\/hassan-ndam.com\/en\/portfolio-category\/mobile-application\/\" rel=\"tag\">Mobile Application<\/a><\/div><h4 class=\"title\"><a href=\"https:\/\/hassan-ndam.com\/en\/portfolio\/mobile-application-still-cloud\/\">Mobile Application Still Cloud<\/a><\/h4>\t\t\t<\/div>\r\n        <\/div>\r\n                <div class=\"portfolio-item\">\r\n\t\t\t<div class=\"thumbnail\">\r\n\t\t\t\t<img decoding=\"async\" width=\"630\" height=\"500\" src=\"https:\/\/hassan-ndam.com\/wp-content\/uploads\/2024\/12\/Portfolio-site-Energy-Compar.png\" class=\"attachment-full size-full wp-post-image\" alt=\"\" srcset=\"https:\/\/hassan-ndam.com\/wp-content\/uploads\/2024\/12\/Portfolio-site-Energy-Compar.png 630w, https:\/\/hassan-ndam.com\/wp-content\/uploads\/2024\/12\/Portfolio-site-Energy-Compar-300x238.png 300w, https:\/\/hassan-ndam.com\/wp-content\/uploads\/2024\/12\/Portfolio-site-Energy-Compar-15x12.png 15w\" sizes=\"(max-width: 630px) 100vw, 630px\" \/><a href=\"https:\/\/hassan-ndam.com\/en\/portfolio\/site-web-energy-compar\/\" class=\"arrow-link\"><i class=\"far fa-arrow-right\"><\/i><\/a>\t\t\t<\/div>\r\n\t\t\t<div class=\"content\">\r\n\t\t\t\t<div class=\"categories\"><a href=\"https:\/\/hassan-ndam.com\/en\/portfolio-category\/maintenance\/\" rel=\"tag\">Maintenance<\/a><span>,<\/span><a href=\"https:\/\/hassan-ndam.com\/en\/portfolio-category\/site-web\/\" rel=\"tag\">Website<\/a><\/div><h4 class=\"title\"><a href=\"https:\/\/hassan-ndam.com\/en\/portfolio\/site-web-energy-compar\/\">Site web energy-compar<\/a><\/h4>\t\t\t<\/div>\r\n        <\/div>\r\n                <div class=\"portfolio-item\">\r\n\t\t\t<div class=\"thumbnail\">\r\n\t\t\t\t<img loading=\"lazy\" decoding=\"async\" width=\"630\" height=\"500\" src=\"https:\/\/hassan-ndam.com\/wp-content\/uploads\/2024\/12\/Instant4D-Portfolio.png\" class=\"attachment-full size-full wp-post-image\" alt=\"\" srcset=\"https:\/\/hassan-ndam.com\/wp-content\/uploads\/2024\/12\/Instant4D-Portfolio.png 630w, https:\/\/hassan-ndam.com\/wp-content\/uploads\/2024\/12\/Instant4D-Portfolio-300x238.png 300w, https:\/\/hassan-ndam.com\/wp-content\/uploads\/2024\/12\/Instant4D-Portfolio-15x12.png 15w\" sizes=\"(max-width: 630px) 100vw, 630px\" \/><a href=\"https:\/\/hassan-ndam.com\/en\/portfolio\/site-web-de-instant4d\/\" class=\"arrow-link\"><i class=\"far fa-arrow-right\"><\/i><\/a>\t\t\t<\/div>\r\n\t\t\t<div class=\"content\">\r\n\t\t\t\t<div class=\"categories\"><a href=\"https:\/\/hassan-ndam.com\/en\/portfolio-category\/site-web\/\" rel=\"tag\">Website<\/a><\/div><h4 class=\"title\"><a href=\"https:\/\/hassan-ndam.com\/en\/portfolio\/site-web-de-instant4d\/\">Site web de instant4d<\/a><\/h4>\t\t\t<\/div>\r\n        <\/div>\r\n                <div class=\"portfolio-item\">\r\n\t\t\t<div class=\"thumbnail\">\r\n\t\t\t\t<img loading=\"lazy\" decoding=\"async\" width=\"630\" height=\"500\" src=\"https:\/\/hassan-ndam.com\/wp-content\/uploads\/2024\/12\/Portfolio-ISQ.png\" class=\"attachment-full size-full wp-post-image\" alt=\"\" srcset=\"https:\/\/hassan-ndam.com\/wp-content\/uploads\/2024\/12\/Portfolio-ISQ.png 630w, https:\/\/hassan-ndam.com\/wp-content\/uploads\/2024\/12\/Portfolio-ISQ-300x238.png 300w, https:\/\/hassan-ndam.com\/wp-content\/uploads\/2024\/12\/Portfolio-ISQ-15x12.png 15w\" sizes=\"(max-width: 630px) 100vw, 630px\" \/><a href=\"https:\/\/hassan-ndam.com\/en\/portfolio\/site-web-immigration-solutions-quebec\/\" class=\"arrow-link\"><i class=\"far fa-arrow-right\"><\/i><\/a>\t\t\t<\/div>\r\n\t\t\t<div class=\"content\">\r\n\t\t\t\t<div class=\"categories\"><a href=\"https:\/\/hassan-ndam.com\/en\/portfolio-category\/site-web\/\" rel=\"tag\">Website<\/a><\/div><h4 class=\"title\"><a href=\"https:\/\/hassan-ndam.com\/en\/portfolio\/site-web-immigration-solutions-quebec\/\">Immigration Solutions Qu\u00e9bec website<\/a><\/h4>\t\t\t<\/div>\r\n        <\/div>\r\n                <div class=\"portfolio-item\">\r\n\t\t\t<div class=\"thumbnail\">\r\n\t\t\t\t<img loading=\"lazy\" decoding=\"async\" width=\"630\" height=\"500\" src=\"https:\/\/hassan-ndam.com\/wp-content\/uploads\/2023\/11\/Portfolio-Cheersevent.png\" class=\"attachment-full size-full wp-post-image\" alt=\"\" srcset=\"https:\/\/hassan-ndam.com\/wp-content\/uploads\/2023\/11\/Portfolio-Cheersevent.png 630w, https:\/\/hassan-ndam.com\/wp-content\/uploads\/2023\/11\/Portfolio-Cheersevent-300x238.png 300w, https:\/\/hassan-ndam.com\/wp-content\/uploads\/2023\/11\/Portfolio-Cheersevent-15x12.png 15w\" sizes=\"(max-width: 630px) 100vw, 630px\" \/><a href=\"https:\/\/hassan-ndam.com\/en\/portfolio\/creative-graphics-design\/\" class=\"arrow-link\"><i class=\"far fa-arrow-right\"><\/i><\/a>\t\t\t<\/div>\r\n\t\t\t<div class=\"content\">\r\n\t\t\t\t<div class=\"categories\"><a href=\"https:\/\/hassan-ndam.com\/en\/portfolio-category\/maintenance\/\" rel=\"tag\">Maintenance<\/a><span>,<\/span><a href=\"https:\/\/hassan-ndam.com\/en\/portfolio-category\/site-web\/\" rel=\"tag\">Website<\/a><\/div><h4 class=\"title\"><a href=\"https:\/\/hassan-ndam.com\/en\/portfolio\/creative-graphics-design\/\">Cheersevent website<\/a><\/h4>\t\t\t<\/div>\r\n        <\/div>\r\n                <div class=\"portfolio-item\">\r\n\t\t\t<div class=\"thumbnail\">\r\n\t\t\t\t<img loading=\"lazy\" decoding=\"async\" width=\"630\" height=\"500\" src=\"https:\/\/hassan-ndam.com\/wp-content\/uploads\/2023\/11\/Portfolio-Garbin.png\" class=\"attachment-full size-full wp-post-image\" alt=\"\" srcset=\"https:\/\/hassan-ndam.com\/wp-content\/uploads\/2023\/11\/Portfolio-Garbin.png 630w, https:\/\/hassan-ndam.com\/wp-content\/uploads\/2023\/11\/Portfolio-Garbin-300x238.png 300w, https:\/\/hassan-ndam.com\/wp-content\/uploads\/2023\/11\/Portfolio-Garbin-15x12.png 15w\" sizes=\"(max-width: 630px) 100vw, 630px\" \/><a href=\"https:\/\/hassan-ndam.com\/en\/portfolio\/application-web-garbin\/\" class=\"arrow-link\"><i class=\"far fa-arrow-right\"><\/i><\/a>\t\t\t<\/div>\r\n\t\t\t<div class=\"content\">\r\n\t\t\t\t<div class=\"categories\"><a href=\"https:\/\/hassan-ndam.com\/en\/portfolio-category\/application-web\/\" rel=\"tag\">Web application<\/a><\/div><h4 class=\"title\"><a href=\"https:\/\/hassan-ndam.com\/en\/portfolio\/application-web-garbin\/\">Garbin Web application<\/a><\/h4>\t\t\t<\/div>\r\n        <\/div>\r\n                <div class=\"portfolio-item\">\r\n\t\t\t<div class=\"thumbnail\">\r\n\t\t\t\t<img loading=\"lazy\" decoding=\"async\" width=\"630\" height=\"500\" src=\"https:\/\/hassan-ndam.com\/wp-content\/uploads\/2023\/11\/Portfolio-Sab-Ingenierie.png\" class=\"attachment-full size-full wp-post-image\" alt=\"\" srcset=\"https:\/\/hassan-ndam.com\/wp-content\/uploads\/2023\/11\/Portfolio-Sab-Ingenierie.png 630w, https:\/\/hassan-ndam.com\/wp-content\/uploads\/2023\/11\/Portfolio-Sab-Ingenierie-300x238.png 300w, https:\/\/hassan-ndam.com\/wp-content\/uploads\/2023\/11\/Portfolio-Sab-Ingenierie-15x12.png 15w\" sizes=\"(max-width: 630px) 100vw, 630px\" \/><a href=\"https:\/\/hassan-ndam.com\/en\/portfolio\/site-web-sab-ingenierie\/\" class=\"arrow-link\"><i class=\"far fa-arrow-right\"><\/i><\/a>\t\t\t<\/div>\r\n\t\t\t<div class=\"content\">\r\n\t\t\t\t<div class=\"categories\"><a href=\"https:\/\/hassan-ndam.com\/en\/portfolio-category\/site-web\/\" rel=\"tag\">Website<\/a><\/div><h4 class=\"title\"><a href=\"https:\/\/hassan-ndam.com\/en\/portfolio\/site-web-sab-ingenierie\/\">Sab Ingenierie website<\/a><\/h4>\t\t\t<\/div>\r\n        <\/div>\r\n                <div class=\"portfolio-item\">\r\n\t\t\t<div class=\"thumbnail\">\r\n\t\t\t\t<img loading=\"lazy\" decoding=\"async\" width=\"630\" height=\"500\" src=\"https:\/\/hassan-ndam.com\/wp-content\/uploads\/2023\/11\/Portfolio-IFND.png\" class=\"attachment-full size-full wp-post-image\" alt=\"\" srcset=\"https:\/\/hassan-ndam.com\/wp-content\/uploads\/2023\/11\/Portfolio-IFND.png 630w, https:\/\/hassan-ndam.com\/wp-content\/uploads\/2023\/11\/Portfolio-IFND-300x238.png 300w, https:\/\/hassan-ndam.com\/wp-content\/uploads\/2023\/11\/Portfolio-IFND-15x12.png 15w\" sizes=\"(max-width: 630px) 100vw, 630px\" \/><a href=\"https:\/\/hassan-ndam.com\/en\/portfolio\/site-web-ifnd\/\" class=\"arrow-link\"><i class=\"far fa-arrow-right\"><\/i><\/a>\t\t\t<\/div>\r\n\t\t\t<div class=\"content\">\r\n\t\t\t\t<div class=\"categories\"><a href=\"https:\/\/hassan-ndam.com\/en\/portfolio-category\/seo\/\" rel=\"tag\">SEO<\/a><span>,<\/span><a href=\"https:\/\/hassan-ndam.com\/en\/portfolio-category\/site-web\/\" rel=\"tag\">Website<\/a><\/div><h4 class=\"title\"><a href=\"https:\/\/hassan-ndam.com\/en\/portfolio\/site-web-ifnd\/\">IFND website<\/a><\/h4>\t\t\t<\/div>\r\n        <\/div>\r\n                <div class=\"portfolio-item\">\r\n\t\t\t<div class=\"thumbnail\">\r\n\t\t\t\t<img loading=\"lazy\" decoding=\"async\" width=\"630\" height=\"500\" src=\"https:\/\/hassan-ndam.com\/wp-content\/uploads\/2023\/11\/Portfolio-Miel54.png\" class=\"attachment-full size-full wp-post-image\" alt=\"\" srcset=\"https:\/\/hassan-ndam.com\/wp-content\/uploads\/2023\/11\/Portfolio-Miel54.png 630w, https:\/\/hassan-ndam.com\/wp-content\/uploads\/2023\/11\/Portfolio-Miel54-300x238.png 300w, https:\/\/hassan-ndam.com\/wp-content\/uploads\/2023\/11\/Portfolio-Miel54-15x12.png 15w\" sizes=\"(max-width: 630px) 100vw, 630px\" \/><a href=\"https:\/\/hassan-ndam.com\/en\/portfolio\/site-ecommerce-miel54\/\" class=\"arrow-link\"><i class=\"far fa-arrow-right\"><\/i><\/a>\t\t\t<\/div>\r\n\t\t\t<div class=\"content\">\r\n\t\t\t\t<h4 class=\"title\"><a href=\"https:\/\/hassan-ndam.com\/en\/portfolio\/site-ecommerce-miel54\/\">Miel54 Ecommerce Site<\/a><\/h4>\t\t\t<\/div>\r\n        <\/div>\r\n        \t\t<\/div>\r\n        \t\t\t\t<\/div>\n\t\t\t\t<\/div>\n\t\t\t\t<\/div>\n\t\t\t\t\t<\/div>\n\t\t\t\t<\/div>\n\t\t\t\t<\/div>","protected":false},"excerpt":{"rendered":"<p>Application Web,Mobile Application Mobile Application Still Cloud Maintenance,Site web Site web energy-compar Site web Site web de instant4d Site web Site web Immigration Solutions Qu\u00e9bec Maintenance,Site web Site web cheersevent Application Web Application Web Garbin Site web Site web Sab Ingenierie SEO,Site web Site web IFND Site Ecommerce Miel54<\/p>","protected":false},"author":1,"featured_media":6727,"parent":0,"menu_order":0,"comment_status":"closed","ping_status":"closed","template":"","meta":{"_monsterinsights_skip_tracking":false,"_monsterinsights_sitenote_active":false,"_monsterinsights_sitenote_note":"","_monsterinsights_sitenote_category":0,"footnotes":""},"class_list":["post-37","page","type-page","status-publish","has-post-thumbnail","hentry"],"yoast_head":"<!-- This site is optimized with the Yoast SEO plugin v26.3 - https:\/\/yoast.com\/wordpress\/plugins\/seo\/ -->\n<title>Mes R\u00e9alisations - Portfolio de Projets Web<\/title>\n<meta name=\"description\" content=\"D\u00e9couvrez mes r\u00e9alisations en d\u00e9veloppement web. Explorez des projets vari\u00e9s qui illustrent mes comp\u00e9tences et ma cr\u00e9ativit\u00e9.\" \/>\n<meta name=\"robots\" content=\"index, follow, max-snippet:-1, max-image-preview:large, max-video-preview:-1\" \/>\n<link rel=\"canonical\" href=\"https:\/\/hassan-ndam.com\/en\/realisations\/\" \/>\n<meta property=\"og:locale\" content=\"en_GB\" \/>\n<meta property=\"og:type\" content=\"article\" \/>\n<meta property=\"og:title\" content=\"Mes R\u00e9alisations - Portfolio de Projets Web\" \/>\n<meta property=\"og:description\" content=\"D\u00e9couvrez mes r\u00e9alisations en d\u00e9veloppement web. Explorez des projets vari\u00e9s qui illustrent mes comp\u00e9tences et ma cr\u00e9ativit\u00e9.\" \/>\n<meta property=\"og:url\" content=\"https:\/\/hassan-ndam.com\/en\/realisations\/\" \/>\n<meta property=\"og:site_name\" content=\"NDAM NJOYA\" \/>\n<meta property=\"article:modified_time\" content=\"2025-05-15T08:28:55+00:00\" \/>\n<meta property=\"og:image\" content=\"https:\/\/hassan-ndam.com\/wp-content\/uploads\/2023\/11\/Portfolio-IFND.png\" \/>\n\t<meta property=\"og:image:width\" content=\"630\" \/>\n\t<meta property=\"og:image:height\" content=\"500\" \/>\n\t<meta property=\"og:image:type\" content=\"image\/png\" \/>\n<meta name=\"twitter:card\" content=\"summary_large_image\" \/>\n<meta name=\"twitter:label1\" content=\"Estimated reading time\" \/>\n\t<meta name=\"twitter:data1\" content=\"3 minutes\" \/>\n<script type=\"application\/ld+json\" class=\"yoast-schema-graph\">{\"@context\":\"https:\/\/schema.org\",\"@graph\":[{\"@type\":\"WebPage\",\"@id\":\"https:\/\/hassan-ndam.com\/realisations\/\",\"url\":\"https:\/\/hassan-ndam.com\/realisations\/\",\"name\":\"Mes R\u00e9alisations - Portfolio de Projets Web\",\"isPartOf\":{\"@id\":\"https:\/\/hassan-ndam.com\/#website\"},\"primaryImageOfPage\":{\"@id\":\"https:\/\/hassan-ndam.com\/realisations\/#primaryimage\"},\"image\":{\"@id\":\"https:\/\/hassan-ndam.com\/realisations\/#primaryimage\"},\"thumbnailUrl\":\"https:\/\/hassan-ndam.com\/wp-content\/uploads\/2023\/11\/Portfolio-IFND.png\",\"datePublished\":\"2024-04-25T20:21:51+00:00\",\"dateModified\":\"2025-05-15T08:28:55+00:00\",\"description\":\"D\u00e9couvrez mes r\u00e9alisations en d\u00e9veloppement web. Explorez des projets vari\u00e9s qui illustrent mes comp\u00e9tences et ma cr\u00e9ativit\u00e9.\",\"breadcrumb\":{\"@id\":\"https:\/\/hassan-ndam.com\/realisations\/#breadcrumb\"},\"inLanguage\":\"en-GB\",\"potentialAction\":[{\"@type\":\"ReadAction\",\"target\":[\"https:\/\/hassan-ndam.com\/realisations\/\"]}]},{\"@type\":\"ImageObject\",\"inLanguage\":\"en-GB\",\"@id\":\"https:\/\/hassan-ndam.com\/realisations\/#primaryimage\",\"url\":\"https:\/\/hassan-ndam.com\/wp-content\/uploads\/2023\/11\/Portfolio-IFND.png\",\"contentUrl\":\"https:\/\/hassan-ndam.com\/wp-content\/uploads\/2023\/11\/Portfolio-IFND.png\",\"width\":630,\"height\":500},{\"@type\":\"BreadcrumbList\",\"@id\":\"https:\/\/hassan-ndam.com\/realisations\/#breadcrumb\",\"itemListElement\":[{\"@type\":\"ListItem\",\"position\":1,\"name\":\"Accueil\",\"item\":\"https:\/\/hassan-ndam.com\/\"},{\"@type\":\"ListItem\",\"position\":2,\"name\":\"R\u00e9alisations\"}]},{\"@type\":\"WebSite\",\"@id\":\"https:\/\/hassan-ndam.com\/#website\",\"url\":\"https:\/\/hassan-ndam.com\/\",\"name\":\"NDAM NJOYA\",\"description\":\"\",\"potentialAction\":[{\"@type\":\"SearchAction\",\"target\":{\"@type\":\"EntryPoint\",\"urlTemplate\":\"https:\/\/hassan-ndam.com\/?s={search_term_string}\"},\"query-input\":{\"@type\":\"PropertyValueSpecification\",\"valueRequired\":true,\"valueName\":\"search_term_string\"}}],\"inLanguage\":\"en-GB\"}]}<\/script>\n<!-- \/ Yoast SEO plugin. -->","yoast_head_json":{"title":"Mes R\u00e9alisations - Portfolio de Projets Web","description":"D\u00e9couvrez mes r\u00e9alisations en d\u00e9veloppement web. Explorez des projets vari\u00e9s qui illustrent mes comp\u00e9tences et ma cr\u00e9ativit\u00e9.","robots":{"index":"index","follow":"follow","max-snippet":"max-snippet:-1","max-image-preview":"max-image-preview:large","max-video-preview":"max-video-preview:-1"},"canonical":"https:\/\/hassan-ndam.com\/en\/realisations\/","og_locale":"en_GB","og_type":"article","og_title":"Mes R\u00e9alisations - Portfolio de Projets Web","og_description":"D\u00e9couvrez mes r\u00e9alisations en d\u00e9veloppement web. Explorez des projets vari\u00e9s qui illustrent mes comp\u00e9tences et ma cr\u00e9ativit\u00e9.","og_url":"https:\/\/hassan-ndam.com\/en\/realisations\/","og_site_name":"NDAM NJOYA","article_modified_time":"2025-05-15T08:28:55+00:00","og_image":[{"width":630,"height":500,"url":"https:\/\/hassan-ndam.com\/wp-content\/uploads\/2023\/11\/Portfolio-IFND.png","type":"image\/png"}],"twitter_card":"summary_large_image","twitter_misc":{"Estimated reading time":"3 minutes"},"schema":{"@context":"https:\/\/schema.org","@graph":[{"@type":"WebPage","@id":"https:\/\/hassan-ndam.com\/realisations\/","url":"https:\/\/hassan-ndam.com\/realisations\/","name":"Mes R\u00e9alisations - Portfolio de Projets Web","isPartOf":{"@id":"https:\/\/hassan-ndam.com\/#website"},"primaryImageOfPage":{"@id":"https:\/\/hassan-ndam.com\/realisations\/#primaryimage"},"image":{"@id":"https:\/\/hassan-ndam.com\/realisations\/#primaryimage"},"thumbnailUrl":"https:\/\/hassan-ndam.com\/wp-content\/uploads\/2023\/11\/Portfolio-IFND.png","datePublished":"2024-04-25T20:21:51+00:00","dateModified":"2025-05-15T08:28:55+00:00","description":"D\u00e9couvrez mes r\u00e9alisations en d\u00e9veloppement web. Explorez des projets vari\u00e9s qui illustrent mes comp\u00e9tences et ma cr\u00e9ativit\u00e9.","breadcrumb":{"@id":"https:\/\/hassan-ndam.com\/realisations\/#breadcrumb"},"inLanguage":"en-GB","potentialAction":[{"@type":"ReadAction","target":["https:\/\/hassan-ndam.com\/realisations\/"]}]},{"@type":"ImageObject","inLanguage":"en-GB","@id":"https:\/\/hassan-ndam.com\/realisations\/#primaryimage","url":"https:\/\/hassan-ndam.com\/wp-content\/uploads\/2023\/11\/Portfolio-IFND.png","contentUrl":"https:\/\/hassan-ndam.com\/wp-content\/uploads\/2023\/11\/Portfolio-IFND.png","width":630,"height":500},{"@type":"BreadcrumbList","@id":"https:\/\/hassan-ndam.com\/realisations\/#breadcrumb","itemListElement":[{"@type":"ListItem","position":1,"name":"Accueil","item":"https:\/\/hassan-ndam.com\/"},{"@type":"ListItem","position":2,"name":"R\u00e9alisations"}]},{"@type":"WebSite","@id":"https:\/\/hassan-ndam.com\/#website","url":"https:\/\/hassan-ndam.com\/","name":"NDAM NJOYA","description":"","potentialAction":[{"@type":"SearchAction","target":{"@type":"EntryPoint","urlTemplate":"https:\/\/hassan-ndam.com\/?s={search_term_string}"},"query-input":{"@type":"PropertyValueSpecification","valueRequired":true,"valueName":"search_term_string"}}],"inLanguage":"en-GB"}]}},"_links":{"self":[{"href":"https:\/\/hassan-ndam.com\/en\/wp-json\/wp\/v2\/pages\/37","targetHints":{"allow":["GET"]}}],"collection":[{"href":"https:\/\/hassan-ndam.com\/en\/wp-json\/wp\/v2\/pages"}],"about":[{"href":"https:\/\/hassan-ndam.com\/en\/wp-json\/wp\/v2\/types\/page"}],"author":[{"embeddable":true,"href":"https:\/\/hassan-ndam.com\/en\/wp-json\/wp\/v2\/users\/1"}],"replies":[{"embeddable":true,"href":"https:\/\/hassan-ndam.com\/en\/wp-json\/wp\/v2\/comments?post=37"}],"version-history":[{"count":24,"href":"https:\/\/hassan-ndam.com\/en\/wp-json\/wp\/v2\/pages\/37\/revisions"}],"predecessor-version":[{"id":6983,"href":"https:\/\/hassan-ndam.com\/en\/wp-json\/wp\/v2\/pages\/37\/revisions\/6983"}],"wp:featuredmedia":[{"embeddable":true,"href":"https:\/\/hassan-ndam.com\/en\/wp-json\/wp\/v2\/media\/6727"}],"wp:attachment":[{"href":"https:\/\/hassan-ndam.com\/en\/wp-json\/wp\/v2\/media?parent=37"}],"curies":[{"name":"wp","href":"https:\/\/api.w.org\/{rel}","templated":true}]}}